{"id":166,"date":"2026-03-11T21:02:59","date_gmt":"2026-03-11T20:02:59","guid":{"rendered":"https:\/\/fankepa.com\/?page_id=166"},"modified":"2026-03-11T21:02:59","modified_gmt":"2026-03-11T20:02:59","slug":"%f0%9f%9a%aa-systeme-de-controle-dacces-intelligent-avec-home-assistant","status":"publish","type":"page","link":"https:\/\/fankepa.com\/?page_id=166","title":{"rendered":"\ud83d\udeaa Syst\u00e8me de Contr\u00f4le d&rsquo;Acc\u00e8s Intelligent avec Home Assistant"},"content":{"rendered":"\n<p>IoTDomotiquePython<\/p>\n\n\n\n<p>Transformation d&rsquo;une porte classique en syst\u00e8me intelligent connect\u00e9 avec Home Assistant. Contr\u00f4le par application mobile avec verrouillage automatique.<\/p>\n\n\n\n<ul class=\"wp-block-list\">\n<li>\ud83d\udcf1 Contr\u00f4le \u00e0 distance via smartphone<\/li>\n\n\n\n<li>\ud83d\udd12 Verrouillage automatique apr\u00e8s 2 minutes<\/li>\n\n\n\n<li>\ud83d\udca1 Indication visuelle LED + \u00e9cran LCD<\/li>\n\n\n\n<li>\ud83c\udf10 Int\u00e9gration compl\u00e8te Home Assistant<\/li>\n<\/ul>\n\n\n\n<p><a href=\"\/projets\/porte-intelligente\">En savoir plus <\/a><a href=\"https:\/\/github.com\/FILSTOGNO\/smart-door-homeassistant\" target=\"_blank\" rel=\"noreferrer noopener\">\ud83d\udce6 GitHub <\/a><a href=\"https:\/\/www.youtube.com\/watch?v=jaBvdNTXv4g\" target=\"_blank\" rel=\"noreferrer noopener\">\ud83c\udfa5 Vid\u00e9o<\/a><\/p>\n\n\n\n<p><\/p>\n","protected":false},"excerpt":{"rendered":"<p>IoTDomotiquePython Transformation d&rsquo;une porte classique en syst\u00e8me intelligent connect\u00e9 avec Home Assistant. Contr\u00f4le par application mobile avec verrouillage automatique. En [&hellip;]<\/p>\n","protected":false},"author":1,"featured_media":0,"parent":0,"menu_order":0,"comment_status":"closed","ping_status":"closed","template":"","meta":{"site-sidebar-layout":"default","site-content-layout":"","ast-site-content-layout":"default","site-content-style":"default","site-sidebar-style":"default","ast-global-header-display":"","ast-banner-title-visibility":"","ast-main-header-display":"","ast-hfb-above-header-display":"","ast-hfb-below-header-display":"","ast-hfb-mobile-header-display":"","site-post-title":"","ast-breadcrumbs-content":"","ast-featured-img":"","footer-sml-layout":"","ast-disable-related-posts":"","theme-transparent-header-meta":"","adv-header-id-meta":"","stick-header-meta":"","header-above-stick-meta":"","header-main-stick-meta":"","header-below-stick-meta":"","astra-migrate-meta-layouts":"default","ast-page-background-enabled":"default","ast-page-background-meta":{"desktop":{"background-color":"var(--ast-global-color-5)","background-image":"","background-repeat":"repeat","background-position":"center center","background-size":"auto","background-attachment":"scroll","background-type":"","background-media":"","overlay-type":"","overlay-color":"","overlay-opacity":"","overlay-gradient":""},"tablet":{"background-color":"","background-image":"","background-repeat":"repeat","background-position":"center center","background-size":"auto","background-attachment":"scroll","background-type":"","background-media":"","overlay-type":"","overlay-color":"","overlay-opacity":"","overlay-gradient":""},"mobile":{"background-color":"","background-image":"","background-repeat":"repeat","background-position":"center center","background-size":"auto","background-attachment":"scroll","background-type":"","background-media":"","overlay-type":"","overlay-color":"","overlay-opacity":"","overlay-gradient":""}},"ast-content-background-meta":{"desktop":{"background-color":"var(--ast-global-color-4)","background-image":"","background-repeat":"repeat","background-position":"center center","background-size":"auto","background-attachment":"scroll","background-type":"","background-media":"","overlay-type":"","overlay-color":"","overlay-opacity":"","overlay-gradient":""},"tablet":{"background-color":"var(--ast-global-color-4)","background-image":"","background-repeat":"repeat","background-position":"center center","background-size":"auto","background-attachment":"scroll","background-type":"","background-media":"","overlay-type":"","overlay-color":"","overlay-opacity":"","overlay-gradient":""},"mobile":{"background-color":"var(--ast-global-color-4)","background-image":"","background-repeat":"repeat","background-position":"center center","background-size":"auto","background-attachment":"scroll","background-type":"","background-media":"","overlay-type":"","overlay-color":"","overlay-opacity":"","overlay-gradient":""}},"_glsr_average":0,"_glsr_ranking":0,"_glsr_reviews":0,"footnotes":""},"class_list":["post-166","page","type-page","status-publish","hentry"],"_links":{"self":[{"href":"https:\/\/fankepa.com\/index.php?rest_route=\/wp\/v2\/pages\/166","targetHints":{"allow":["GET"]}}],"collection":[{"href":"https:\/\/fankepa.com\/index.php?rest_route=\/wp\/v2\/pages"}],"about":[{"href":"https:\/\/fankepa.com\/index.php?rest_route=\/wp\/v2\/types\/page"}],"author":[{"embeddable":true,"href":"https:\/\/fankepa.com\/index.php?rest_route=\/wp\/v2\/users\/1"}],"replies":[{"embeddable":true,"href":"https:\/\/fankepa.com\/index.php?rest_route=%2Fwp%2Fv2%2Fcomments&post=166"}],"version-history":[{"count":1,"href":"https:\/\/fankepa.com\/index.php?rest_route=\/wp\/v2\/pages\/166\/revisions"}],"predecessor-version":[{"id":167,"href":"https:\/\/fankepa.com\/index.php?rest_route=\/wp\/v2\/pages\/166\/revisions\/167"}],"wp:attachment":[{"href":"https:\/\/fankepa.com\/index.php?rest_route=%2Fwp%2Fv2%2Fmedia&parent=166"}],"curies":[{"name":"wp","href":"https:\/\/api.w.org\/{rel}","templated":true}]}}